{"id":2611,"date":"2024-04-10T15:32:42","date_gmt":"2024-04-10T15:32:42","guid":{"rendered":"https:\/\/bodegasjarrin.com\/index.php\/producto\/lavadora-whirlpool-20kg-gris\/"},"modified":"2025-12-13T19:05:53","modified_gmt":"2025-12-13T19:05:53","slug":"lavadora-whirlpool-20kg-gris","status":"publish","type":"product","link":"https:\/\/bodegasjarrin.com\/index.php\/producto\/lavadora-whirlpool-20kg-gris\/","title":{"rendered":"LAVADORA WHIRLPOOL 20KG GRIS"},"content":{"rendered":"<div class=\"infoBarView\">\n<div class=\"specificationsContainer\">\n<div class=\"infoBarTitleDrop dropdownTitle dropdown active\" title=\"ESPECIFICACIONES\">\n<p class=\"titleDropdown\" title=\"ESPECIFICACIONES\">ESPECIFICACIONES<\/p>\n<\/div>\n<div class=\"infoBarTitleDrop dropdownTitle dropdown__content active\">\n<div class=\"wp-row\">\n<div class=\"wp-container extraSpecificationsContent\">\n<div class=\"wp-flex-col specificationsContent\">\n<div class=\"specificationsSection\">\n<div>\n<div class=\"specificationsSubtitle\">ESPECIFICACIONES GENERALES<\/div>\n<div class=\"specificationsCol\">\n<div class=\"specsContainer\">\n<div class=\"specsContent \">\n<div class=\"specsName\">Tipo de carga<\/div>\n<div class=\"specsValue\">Superior<\/div>\n<\/div>\n<\/div>\n<div class=\"specsContainer\">\n<div class=\"specsContent \">\n<div class=\"specsName\">Capacidad kilos<\/div>\n<div class=\"specsValue\">20<\/div>\n<\/div>\n<\/div>\n<div class=\"specsContainer\">\n<div class=\"specsContent borderTop\">\n<div class=\"specsName\">Alto<\/div>\n<div class=\"specsValue\">108,53<\/div>\n<\/div>\n<\/div>\n<div class=\"specsContainer\">\n<div class=\"specsContent borderTop\">\n<div class=\"specsName\">Ancho<\/div>\n<div class=\"specsValue\">61,91<\/div>\n<\/div>\n<\/div>\n<div class=\"specsContainer\">\n<div class=\"specsContent borderTop\">\n<div class=\"specsName\">Conectividad<\/div>\n<div class=\"specsValue\">NO<\/div>\n<\/div>\n<\/div>\n<div class=\"specsContainer\">\n<div class=\"specsContent borderTop\">\n<div class=\"specsName\">Material de la puerta<\/div>\n<div class=\"specsValue\">Cristal Templado Edge<\/div>\n<\/div>\n<\/div>\n<div class=\"specsContainer\">\n<div class=\"specsContent borderTop\">\n<div class=\"specsName\">Frecuencia<\/div>\n<div class=\"specsValue\">60<\/div>\n<\/div>\n<\/div>\n<div class=\"specsContainer\">\n<div class=\"specsContent borderTop\">\n<div class=\"specsName\">Tipo de panel<\/div>\n<div class=\"specsValue\">Luz LED Indicadora de Ciclos con Tiempo Restante<\/div>\n<\/div>\n<\/div>\n<div class=\"specsContainer\">\n<div class=\"specsContent borderTop\">\n<div class=\"specsName\">Voltaje<\/div>\n<div class=\"specsValue\">120<\/div>\n<\/div>\n<\/div>\n<div class=\"specsContainer\">\n<div class=\"specsContent borderTop\">\n<div class=\"specsName\">Origen<\/div>\n<div class=\"specsValue\">Colombia<\/div>\n<\/div>\n<\/div>\n<div class=\"specsContainer\">\n<div class=\"specsContent borderTop\">\n<div class=\"specsName\">Color<\/div>\n<div class=\"specsValue\">Gris<\/div>\n<\/div>\n<\/div>\n<div class=\"specsContainer\">\n<div class=\"specsContent borderTop\">\n<div class=\"specsName\">Garant\u00eda de Fabrica<\/div>\n<div class=\"specsValue\">1 a\u00f1o en todas sus piezas, 10 a\u00f1os en motor, 5 a\u00f1os en tarjeta interfas<\/div>\n<\/div>\n<\/div>\n<div class=\"specsContainer\">\n<div class=\"specsContent borderTop\">\n<div class=\"specsName\">Dimensiones Cm (AltoXAnchoXProfundo)<\/div>\n<div class=\"specsValue\">109x62x67<\/div>\n<\/div>\n<\/div>\n<div class=\"specsContainer\">\n<div class=\"specsContent borderTop\">\n<div class=\"specsName\">Peso<\/div>\n<div class=\"specsValue\">41,5<\/div>\n<\/div>\n<\/div>\n<div class=\"specsContainer\">\n<div class=\"specsContent borderTop\">\n<div class=\"specsName\">Temporizador<\/div>\n<div class=\"specsValue\">S\u00ed<\/div>\n<\/div>\n<\/div>\n<div class=\"specsContainer\">\n<div class=\"specsContent borderTop\">\n<div class=\"specsName\">Luz interior<\/div>\n<div class=\"specsValue\">No<\/div>\n<\/div>\n<\/div>\n<div class=\"specsContainer\">\n<div class=\"specsContent borderTop\">\n<div class=\"specsName\">N\u00famero de ciclos<\/div>\n<div class=\"specsValue\">11<\/div>\n<\/div>\n<\/div>\n<div class=\"specsContainer\">\n<div class=\"specsContent borderTop\">\n<div class=\"specsName\">Apertura de puerta<\/div>\n<div class=\"specsValue\">Vertical<\/div>\n<\/div>\n<\/div>\n<div class=\"specsContainer\">\n<div class=\"specsContent borderTop\">\n<div class=\"specsName\">Ubicaci\u00f3n controles<\/div>\n<div class=\"specsValue\">Panel Frontal<\/div>\n<\/div>\n<\/div>\n<\/div>\n<\/div>\n<\/div>\n<\/div>\n<\/div>\n<\/div>\n<\/div>\n<\/div>\n<\/div>\n<div class=\"wp-row container-banner-pdp\">\n<div class=\"wp-container content-banner-pdp\">\n<div class=\"box-img bpdp-img\"><img decoding=\"async\" src=\"https:\/\/www.whirlpool.com\/content\/dam\/business-unit\/whirlpool\/es-co\/product\/daw\/whirlpool\/WW20LTAHLA\/Banner_Blog\/BANBD4W00007.png\" \/><\/div>\n<\/div>\n<\/div>\n","protected":false},"excerpt":{"rendered":"<p>ESPECIFICACIONES ESPECIFICACIONES GENERALES Tipo de carga Superior Capacidad kilos 20 Alto 108,53 Ancho 61,91 Conectividad NO Material de la puerta&hellip;<\/p>\n","protected":false},"featured_media":2614,"template":"","meta":{"_joinchat":[]},"product_cat":[35,43],"product_tag":[],"class_list":{"0":"post-2611","1":"product","2":"type-product","3":"status-publish","4":"has-post-thumbnail","6":"product_cat-electrodomesticos","7":"product_cat-lavadoras","9":"first","10":"instock","11":"taxable","12":"shipping-taxable","13":"purchasable","14":"product-type-simple"},"jetpack_sharing_enabled":true,"_links":{"self":[{"href":"https:\/\/bodegasjarrin.com\/index.php\/wp-json\/wp\/v2\/product\/2611","targetHints":{"allow":["GET"]}}],"collection":[{"href":"https:\/\/bodegasjarrin.com\/index.php\/wp-json\/wp\/v2\/product"}],"about":[{"href":"https:\/\/bodegasjarrin.com\/index.php\/wp-json\/wp\/v2\/types\/product"}],"wp:featuredmedia":[{"embeddable":true,"href":"https:\/\/bodegasjarrin.com\/index.php\/wp-json\/wp\/v2\/media\/2614"}],"wp:attachment":[{"href":"https:\/\/bodegasjarrin.com\/index.php\/wp-json\/wp\/v2\/media?parent=2611"}],"wp:term":[{"taxonomy":"product_cat","embeddable":true,"href":"https:\/\/bodegasjarrin.com\/index.php\/wp-json\/wp\/v2\/product_cat?post=2611"},{"taxonomy":"product_tag","embeddable":true,"href":"https:\/\/bodegasjarrin.com\/index.php\/wp-json\/wp\/v2\/product_tag?post=2611"}],"curies":[{"name":"wp","href":"https:\/\/api.w.org\/{rel}","templated":true}]}}