{"id":2295,"date":"2024-02-21T15:45:35","date_gmt":"2024-02-21T15:45:35","guid":{"rendered":"https:\/\/bodegasjarrin.com\/index.php\/producto\/cafetera-byd-12tz-negra\/"},"modified":"2025-08-21T21:35:19","modified_gmt":"2025-08-21T21:35:19","slug":"cafetera-byd-12tz-negra","status":"publish","type":"product","link":"https:\/\/bodegasjarrin.com\/index.php\/producto\/cafetera-byd-12tz-negra\/","title":{"rendered":"CAFETERA BYD 12TZ NEGRA"},"content":{"rendered":"<h4>Descripci\u00f3n<\/h4>\n<div>No hay nada como disfrutar de un intenso sabor a caf\u00e9, justo como a ti te gusta. Con esta cafetera de Jarra de Vidrio para 12 Tazas con exclusivo sistema Vortex de BLACK+DECKER\u00ae el flujo de agua en remolino da un delicioso caf\u00e9 con sabor inigualable. El dispositivo de Interrupci\u00f3n de Colado permite que puedas disfrutar una deliciosa taza de caf\u00e9 sin tener que esperar que te termine el ciclo de colado. Adem\u00e1s, podr\u00e1s tomarte el caf\u00e9 sin calentarlo ya que cuenta con la funci\u00f3n de mantener caliente.<\/div>\n<div><\/div>\n<div>\n<h4 class=\"attr-header\">Especificaciones<\/h4>\n<ul>\n<li>Prepara un delicioso caf\u00e9 intenso de manera autom\u00e1tica con la Cafetera de 12 tazas de BLACK+DECKER\u00ae<\/li>\n<li>Sistema de goteo en Vortex para un mejor colado y un sabor m\u00e1s intenso<\/li>\n<li>Dispositivo de interrupci\u00f3n de colado<\/li>\n<li>Resistente jarra de vidrio para 12 tazas<\/li>\n<li>Funci\u00f3n ajustable para mantener el caf\u00e9 caliente<\/li>\n<\/ul>\n<\/div>\n","protected":false},"excerpt":{"rendered":"<p>Descripci\u00f3n No hay nada como disfrutar de un intenso sabor a caf\u00e9, justo como a ti te gusta. Con esta&hellip;<\/p>\n","protected":false},"featured_media":2569,"template":"","meta":{"_joinchat":[]},"product_cat":[95,36],"product_tag":[],"class_list":{"0":"post-2295","1":"product","2":"type-product","3":"status-publish","4":"has-post-thumbnail","6":"product_cat-cafetera","7":"product_cat-electromenores","9":"first","10":"instock","11":"taxable","12":"shipping-taxable","13":"purchasable","14":"product-type-simple"},"jetpack_sharing_enabled":true,"_links":{"self":[{"href":"https:\/\/bodegasjarrin.com\/index.php\/wp-json\/wp\/v2\/product\/2295","targetHints":{"allow":["GET"]}}],"collection":[{"href":"https:\/\/bodegasjarrin.com\/index.php\/wp-json\/wp\/v2\/product"}],"about":[{"href":"https:\/\/bodegasjarrin.com\/index.php\/wp-json\/wp\/v2\/types\/product"}],"wp:featuredmedia":[{"embeddable":true,"href":"https:\/\/bodegasjarrin.com\/index.php\/wp-json\/wp\/v2\/media\/2569"}],"wp:attachment":[{"href":"https:\/\/bodegasjarrin.com\/index.php\/wp-json\/wp\/v2\/media?parent=2295"}],"wp:term":[{"taxonomy":"product_cat","embeddable":true,"href":"https:\/\/bodegasjarrin.com\/index.php\/wp-json\/wp\/v2\/product_cat?post=2295"},{"taxonomy":"product_tag","embeddable":true,"href":"https:\/\/bodegasjarrin.com\/index.php\/wp-json\/wp\/v2\/product_tag?post=2295"}],"curies":[{"name":"wp","href":"https:\/\/api.w.org\/{rel}","templated":true}]}}