{"id":2097,"date":"2024-02-21T15:41:58","date_gmt":"2024-02-21T15:41:58","guid":{"rendered":"https:\/\/bodegasjarrin.com\/index.php\/producto\/cafetera-oster-negra-5tz\/"},"modified":"2025-04-30T20:04:07","modified_gmt":"2025-04-30T20:04:07","slug":"cafetera-oster-negra-5tz","status":"publish","type":"product","link":"https:\/\/bodegasjarrin.com\/index.php\/producto\/cafetera-oster-negra-5tz\/","title":{"rendered":"CAFETERA OSTER NEGRA 5TZ"},"content":{"rendered":"<p>La cafetera Oster\u00ae de 5 tazas permite disfrutar de una taza de caf\u00e9 reci\u00e9n hecha al momento que desees. Con su funci\u00f3n de Pausa y Servir, puedes servir una taza de caf\u00e9 durante el proceso de colado para disfrutar de su rico sabor. \u00a1Contiene el tama\u00f1o adecuado para ahorrar espacio en tu cocina!<\/p>\n<p>&nbsp;<\/p>\n<ul>\n<li>Capacidad para 5 tazas de caf\u00e9 colado<\/li>\n<li>La canasta removible facilita su llenado y limpieza<\/li>\n<li>La funci\u00f3n de pausa y servir permite servir el caf\u00e9 durante el proceso de colado<\/li>\n<li>La luz indicadora permite saber si la cafetera est\u00e1 encendida o apagada<\/li>\n<li>La ventanilla de un lado muestra la cantidad de agua que se encuentra en el tanque para llenarlo con precisi\u00f3n<\/li>\n<li>Incluye filtro permanente para mayor comodidad<\/li>\n<li>Potencia: 672 watts en modelos de 120V y 600 watts en modelos de 220V<\/li>\n<\/ul>\n","protected":false},"excerpt":{"rendered":"<p>La cafetera Oster\u00ae de 5 tazas permite disfrutar de una taza de caf\u00e9 reci\u00e9n hecha al momento que desees. Con&hellip;<\/p>\n","protected":false},"featured_media":2553,"template":"","meta":{"_joinchat":[]},"product_cat":[95,36],"product_tag":[],"class_list":{"0":"post-2097","1":"product","2":"type-product","3":"status-publish","4":"has-post-thumbnail","6":"product_cat-cafetera","7":"product_cat-electromenores","9":"first","10":"instock","11":"taxable","12":"shipping-taxable","13":"purchasable","14":"product-type-simple"},"jetpack_sharing_enabled":true,"_links":{"self":[{"href":"https:\/\/bodegasjarrin.com\/index.php\/wp-json\/wp\/v2\/product\/2097","targetHints":{"allow":["GET"]}}],"collection":[{"href":"https:\/\/bodegasjarrin.com\/index.php\/wp-json\/wp\/v2\/product"}],"about":[{"href":"https:\/\/bodegasjarrin.com\/index.php\/wp-json\/wp\/v2\/types\/product"}],"wp:featuredmedia":[{"embeddable":true,"href":"https:\/\/bodegasjarrin.com\/index.php\/wp-json\/wp\/v2\/media\/2553"}],"wp:attachment":[{"href":"https:\/\/bodegasjarrin.com\/index.php\/wp-json\/wp\/v2\/media?parent=2097"}],"wp:term":[{"taxonomy":"product_cat","embeddable":true,"href":"https:\/\/bodegasjarrin.com\/index.php\/wp-json\/wp\/v2\/product_cat?post=2097"},{"taxonomy":"product_tag","embeddable":true,"href":"https:\/\/bodegasjarrin.com\/index.php\/wp-json\/wp\/v2\/product_tag?post=2097"}],"curies":[{"name":"wp","href":"https:\/\/api.w.org\/{rel}","templated":true}]}}