{"id":950,"date":"2022-04-27T02:06:04","date_gmt":"2022-04-27T02:06:04","guid":{"rendered":"https:\/\/bodegasjarrin.com\/?page_id=950"},"modified":"2023-08-18T16:40:05","modified_gmt":"2023-08-18T16:40:05","slug":"terminos-y-condiciones-de-uso","status":"publish","type":"page","link":"https:\/\/bodegasjarrin.com\/index.php\/terminos-y-condiciones-de-uso\/","title":{"rendered":"T\u00e9rminos y condiciones de uso"},"content":{"rendered":"<p>Los presentes t\u00e9rminos y condiciones de uso (los <strong>\u201cT\u00e9rminos y Condiciones\u201d<\/strong>) regulan el acceso al sitio web [bodegasjarrin.com] (la <strong>\u201cPlataforma\u201d<\/strong>). La titular de la Plataforma es la compa\u00f1\u00eda BODEGAS JARRIN S.A sociedad constituida bajo las leyes de la Rep\u00fablica del Ecuador y con domicilio en la ciudad de Guayaquil, en (MALEC\u00d3N 2308 Y AVENIDA OLMEDO), con n\u00famero de RUC 0992262354001 (<strong>\u201cBodegas Jarr\u00edn\u201d<\/strong>).<\/p>\n<p>La Plataforma es una herramienta tecnol\u00f3gica de comercio online que permite a Bodegas Jarr\u00edn vender sus diferentes l\u00edneas de productos. Estos productos podr\u00e1n ser adquiridos mediante cuatro m\u00e9todos de pago: cobros en l\u00ednea, pagos por medio de transferencia, dep\u00f3sito o contraentrega por personas y empresas (los <strong>\u201cUsuarios\u201d<\/strong>). Bodegas Jarr\u00edn recibir\u00e1 los cobros en los m\u00e9todos de pago antes mencionados en virtud de un acuerdo comercial que mantiene con el usuario.<\/p>\n<p>El registro, acceso y navegaci\u00f3n en la Plataforma implica la aceptaci\u00f3n plena y sin reservas de los T\u00e9rminos y Condiciones por parte del Usuario de la Plataforma.<\/p>\n<h4>1. Acceso<\/h4>\n<p>El acceso a la plataforma es gratuito para la visualizaci\u00f3n de informaci\u00f3n general de los productos y hasta llegar al momento de la compra de cada uno de estos lo cual conlleva lo siguiente:<\/p>\n<ul>\n<li>Completar los campos obligatorios del formulario de registro, en el que se solicitar\u00e1n datos de car\u00e1cter personal como, entre otros, nombre, apellidos, raz\u00f3n social (en el caso de empresas) direcci\u00f3n de correo electr\u00f3nico, tel\u00e9fono, RUC o c\u00e9dula (los <strong>\u201cDatos Personales\u201d<\/strong>).<\/li>\n<li>Elegir\u00e1 un nombre de usuario y una clave de acceso.<\/li>\n<li>Aceptar los presentes T\u00e9rminos y Condiciones y nuestra Pol\u00edtica de Privacidad.<\/li>\n<\/ul>\n<p>El Usuario garantiza que los Datos Personales que ha proporcionado son veraces, exactos y completos. Asimismo, asume el compromiso de actualizarlos cada vez que estos cambien. Bodegas Jarr\u00edn podr\u00e1 denegar el acceso y uso de la Plataforma al Usuario, as\u00ed como cancelar su cuenta, cuando considere que existen motivos suficientes para dudar sobre la veracidad, exactitud e integridad de los datos que ha proporcionado.<\/p>\n<p>Tanto el nombre de usuario como la clave de acceso pertenecen al Usuario y son confidenciales, personales e intransferibles. El Usuario se obliga a no divulgar el nombre de usuario ni la clave de acceso y a no ponerlos a disposici\u00f3n de terceros. En esta l\u00ednea, el Usuario ser\u00e1 el \u00fanico responsable en caso de uso de dicha informaci\u00f3n por parte de terceros, as\u00ed como de todas las actuaciones realizadas en la Plataforma derivadas del referido uso, toda vez que Bodegas Jarr\u00edn no puede garantizar la identidad del Usuario y, por lo tanto, no ser\u00e1 responsable del uso de la identidad de un Usuario por parte de terceros.<\/p>\n<p>El Usuario se obliga, de manera inmediata, a comunicar a Bodegas Jarr\u00edn la sustracci\u00f3n, divulgaci\u00f3n o p\u00e9rdida de su nombre de usuario y clave de acceso, mediante la opci\u00f3n <strong>\u201cDatos Personales\u201d <\/strong>puesta a su disposici\u00f3n en la Plataforma. De igual manera, el Usuario se obliga a comunicar a Bodegas Jarr\u00edn el robo o utilizaci\u00f3n fraudulenta por parte de un tercero de la plataforma asociada a su cuenta. Sin perjuicio de lo anterior, Bodegas Jarr\u00edn no ser\u00e1 responsable de ning\u00fan consumo asociado a las tarjetas que hubiere ocurrido con anterioridad a la comunicaci\u00f3n del Usuario o cuando el Usuario no hubiere comunicado a Bodegas Jarr\u00edn de tales hechos. La comunicaci\u00f3n a Bodegas Jarr\u00edn del robo o utilizaci\u00f3n fraudulenta de parte de un tercero de alguna tarjeta de cr\u00e9dito o d\u00e9bito previamente detectada como fraude no exime al Usuario de su obligaci\u00f3n de reportar dicha p\u00e9rdida o robo al banco emisor de la tarjeta y a las autoridades competentes. Bodegas Jarr\u00edn no ser\u00e1 responsable de comunicar la p\u00e9rdida o robo a terceros.<\/p>\n<h4>2. De la prestaci\u00f3n del Servicio<\/h4>\n<p>S\u00f3lo podr\u00e1 gozar de los servicios de la Plataforma el Usuario debidamente registrado de conformidad con lo establecido en el apartado 1 precedente.<\/p>\n<p>A trav\u00e9s de la Plataforma Bodegas Jarr\u00edn se hace \u00fanicamente responsable por las transacciones generadas en cualquier tipo de cobro y el Usuario ser\u00e1 responsable de cumplir con todos los pagos por la compra de sus productos.<\/p>\n<h4>3. Pago y facturaci\u00f3n<\/h4>\n<p>Las tarifas aplicables por los productos y servicios solicitados por el Usuario a trav\u00e9s de la Plataforma ser\u00e1n fijadas por Bodegas Jarr\u00edn, lo cual es plenamente aceptado por el Usuario. Bodegas Jarr\u00edn est\u00e1 facultada para, en cualquier momento, modificar, cambiar, agregar o eliminar las tarifas vigentes, lo cual ser\u00e1 notificado al Usuario de manera inmediata. Los pagos de las tarifas aplicables podr\u00e1n realizarse mediante dep\u00f3sito o transferencia.<\/p>\n<p>El Usuario es responsable por los datos consignados correspondientes a la tarjeta de d\u00e9bito o cr\u00e9dito utilizada para el pago del servicio solicitado, y es el \u00fanico obligado al pago del monto al banco emisor, liberando a Bodegas Jarr\u00edn de cualquier responsabilidad en este sentido.<\/p>\n<p>El Usuario, al registrarse en la Plataforma, autoriza expresamente a Bodegas Jarr\u00edn a enviar los comprobantes de venta correspondientes a los pagos de los servicios que hubieren solicitado en caso de ser necesario.<\/p>\n<p>Bodegas Jarr\u00edn por medio de su gestor de pagos Datafast podr\u00e1, con la finalidad de comprobar el medio de pago proporcionado por el Usuario, solicitar una preautorizaci\u00f3n de cargo con la finalidad de evitar cualquier tipo de fraude. El mencionado cargo ser\u00e1 de un d\u00f3lar de los Estados Unidos de Am\u00e9rica.<\/p>\n<h4>4. Declaraciones del Usuario<\/h4>\n<p>El Usuario declara que conoce y acepta que Bodegas Jarr\u00edn tiene un convenio con Datafast para los cobros mediante dicha plataforma.<\/p>\n<p>El Usuario declara conocer y aceptar que la calidad de los productos y\/o servicios son de responsabilidad exclusiva de Bodegas Jarr\u00edn.<\/p>\n<h4>5. Declaraciones de Bodegas Jarr\u00edn<\/h4>\n<p>Bodegas Jarr\u00edn declara que no puede garantizar la disponibilidad y continuidad de uso de la Plataforma en todo momento; por lo que no ser\u00e1 responsable por los da\u00f1os y\/o perjuicios derivados de lo siguiente:<\/p>\n<ul>\n<li>La disponibilidad y\/o acceso a la Plataforma<\/li>\n<li>Interrupci\u00f3n del funcionamiento de la Plataforma por cualquier motivo ajeno a su control.<\/li>\n<li>Intrusi\u00f3n de terceros no autorizados por Bodegas Jarr\u00edn en el funcionamiento de la Plataforma.<\/li>\n<\/ul>\n<p>Bodegas Jarr\u00edn declara que ha adoptado las medidas de protecci\u00f3n necesarias para proteger a la Plataforma de ataques inform\u00e1ticos por parte de terceros. No obstante lo anterior, Bodegas Jarr\u00edn no puede garantizar la ausencia de virus u otros elementos que sean consecuencia de ataques inform\u00e1ticos de terceros y que alteren y\/o afecten el funcionamiento de la Plataforma, as\u00ed como cualquier informaci\u00f3n y\/o aspecto relacionado al Usuario.<\/p>\n<p>En consecuencia, Bodegas Jarr\u00edn no ser\u00e1 responsable de ning\u00fan da\u00f1o y\/o perjuicio derivado de la presencia de virus en la Plataforma, ni de cualesquiera que hubieren surgido por la intromisi\u00f3n y\/o actividad en la Plataforma de terceros no autorizados.<\/p>\n<h4>6. Propiedad Intelectual<\/h4>\n<p>Bodegas Jarr\u00edn es titular o licenciataria de todos los derechos de propiedad intelectual e industrial que forman parte de la Plataforma, as\u00ed como de su contenido. En este sentido, le corresponde \u00fanicamente a Bodegas Jarr\u00edn el ejercicio de los derechos de explotaci\u00f3n de los mismos, de manera exclusiva y bajo cualquier forma permitida por las leyes ecuatorianas. Esto incluye, especialmente, pero sin limitarse a ello, los derechos de reproducci\u00f3n, comunicaci\u00f3n p\u00fablica, distribuci\u00f3n, traducci\u00f3n, adaptaci\u00f3n y transformaci\u00f3n de, entre otros, marcas, logotipos, nombres comerciales, lemas comerciales, im\u00e1genes, dise\u00f1os y software.<\/p>\n<p>En ning\u00fan caso y bajo ninguna circunstancia la autorizaci\u00f3n de acceso a la Plataforma por parte de Bodegas Jarr\u00edn a un Usuario supone la renuncia, licencia y\/o cesi\u00f3n total o parcial de los derechos de propiedad intelectual a favor del Usuario o de cualesquiera terceros, permaneciendo \u00e9stos en todo caso y bajo cualquier circunstancia bajo la titularidad de Bodegas Jarr\u00edn.<\/p>\n<p>Queda prohibido al Usuario y a cualquier tercero, entre otras cosas, explotar, distribuir, copiar, utilizar, transmitir, modificar y comunicar p\u00fablicamente los contenidos de la Plataforma para fines p\u00fablicos y\/o comerciales, sin la autorizaci\u00f3n expresa y por escrito de Bodegas Jarr\u00edn.<\/p>\n<p>En general, queda prohibido al Usuario y a cualquier tercero el uso, explotaci\u00f3n, distribuci\u00f3n, transmisi\u00f3n, modificaci\u00f3n, o copia de cualesquiera derechos de propiedad industrial de propiedad de Bodegas Jarr\u00edn. a los que puedan tener acceso a trav\u00e9s del uso de la Plataforma.<\/p>\n<h4>7. Cesi\u00f3n<\/h4>\n<p>El Usuario no podr\u00e1 ceder, total ni parcialmente, derechos y obligaciones adquiridas en virtud de estos T\u00e9rminos y Condiciones, sin el consentimiento previo, expreso y por escrito de Bodegas Jarr\u00edn. Por su parte, Bodegas Jarr\u00edn queda facultada para ceder, sin necesidad de aceptaci\u00f3n del Usuario, a cualesquiera de sus partes relacionadas o a cualquier tercero que le suceda en calidad de titular de la Plataforma los derechos y obligaciones derivadas de los presentes T\u00e9rminos y Condiciones, sin que el Usuario pueda formular reclamaci\u00f3n alguna por este concepto.<\/p>\n<h4>8. Notificaciones<\/h4>\n<p>Bodegas Jarr\u00edn podr\u00e1 hacer las notificaciones que considere oportunas al Usuario por medio de la Plataforma o a la direcci\u00f3n de correo electr\u00f3nico que haya proporcionado el Usuario al momento de su registro en la Plataforma, lo que incluye mensajes promocionales y con fines de \u00edndole publicitaria. Si el Usuario lo desea podr\u00e1 solicitar a Bodegas Jarr\u00edn que cese en su actividad de hacerle llegar mensajes promocionales o publicitarios, a trav\u00e9s de las herramientas que para el efecto se ponen a disposici\u00f3n en la Plataforma, no obstante, mientras no lo haga, Bodegas Jarr\u00edn podr\u00e1 continuar enviando todo tipo de mensajes promocionales y publicitarios.<\/p>\n<h4>9. Pol\u00edtica de Privacidad.<\/h4>\n<p>Nuestra Pol\u00edtica Privacidad se encuentra establecida en el instrumento denominado <strong>\u201cPol\u00edtica de Privacidad\u201d<\/strong>, mismo que ha sido puesto a disposici\u00f3n del Usuario de manera previa a estos T\u00e9rminos y Condiciones y que debe ser expresamente aceptada previo a la utilizaci\u00f3n de la Plataforma.<\/p>\n<h4>10. Independencia de las Cl\u00e1usulas<strong>\u00a0<\/strong><\/h4>\n<p>La posible ilegalidad, nulidad, invalidez o inexigibilidad de una o m\u00e1s cl\u00e1usulas de estos T\u00e9rminos y Condiciones, no acarrear\u00e1 la ilegalidad, nulidad, invalidez o inexigibilidad de las dem\u00e1s cl\u00e1usulas ni de las restantes partes de estas, las cuales permanecer\u00e1n plenamente v\u00e1lidas en todo aquello que proceda.<\/p>\n<p>Las cl\u00e1usulas o partes de estas declaradas ilegales, nulas, inv\u00e1lidas o no exigibles se entender\u00e1n eliminadas o no aplicables en esa circunstancia.<\/p>\n<h4>11. Legislaci\u00f3n aplicable<\/h4>\n<p>La relaci\u00f3n entre el usuario y Bodegas Jarr\u00edn, as\u00ed como las estipulaciones de estos T\u00e9rminos y Condiciones, se regir\u00e1n e interpretar\u00e1n conforme a las leyes de la Rep\u00fablica del Ecuador.<\/p>\n<p>Los presentes T\u00e9rminos y Condiciones han sido elaborados respetando en todo momento las disposiciones de la Ley Org\u00e1nica de Defensa del Consumidor y dem\u00e1s normas aplicables.<\/p>\n<h4>12. Resoluci\u00f3n de controversias<\/h4>\n<p>Toda controversia, discrepancia, diferencia o reclamaci\u00f3n derivada de estos T\u00e9rminos y Condiciones ser\u00e1 sometida a resoluci\u00f3n de los jueces competentes de la ciudad de Guayaquil o Quito, y al tr\u00e1mite que por ley corresponda darle a la causa para lo cual el Usuario renuncia a fuero, jurisdicci\u00f3n y competencia y se somete a lo establecido en el presente apartado.<\/p>\n","protected":false},"excerpt":{"rendered":"<p>Los presentes t\u00e9rminos y condiciones de uso (los \u201cT\u00e9rminos y Condiciones\u201d) regulan el acceso al sitio web [bodegasjarrin.com] (la \u201cPlataforma\u201d).&hellip;<\/p>\n","protected":false},"author":1,"featured_media":0,"parent":0,"menu_order":0,"comment_status":"closed","ping_status":"closed","template":"","meta":{"_joinchat":[],"footnotes":""},"class_list":["post-950","page","type-page","status-publish","hentry"],"jetpack_sharing_enabled":true,"_links":{"self":[{"href":"https:\/\/bodegasjarrin.com\/index.php\/wp-json\/wp\/v2\/pages\/950","targetHints":{"allow":["GET"]}}],"collection":[{"href":"https:\/\/bodegasjarrin.com\/index.php\/wp-json\/wp\/v2\/pages"}],"about":[{"href":"https:\/\/bodegasjarrin.com\/index.php\/wp-json\/wp\/v2\/types\/page"}],"author":[{"embeddable":true,"href":"https:\/\/bodegasjarrin.com\/index.php\/wp-json\/wp\/v2\/users\/1"}],"replies":[{"embeddable":true,"href":"https:\/\/bodegasjarrin.com\/index.php\/wp-json\/wp\/v2\/comments?post=950"}],"version-history":[{"count":2,"href":"https:\/\/bodegasjarrin.com\/index.php\/wp-json\/wp\/v2\/pages\/950\/revisions"}],"predecessor-version":[{"id":1255,"href":"https:\/\/bodegasjarrin.com\/index.php\/wp-json\/wp\/v2\/pages\/950\/revisions\/1255"}],"wp:attachment":[{"href":"https:\/\/bodegasjarrin.com\/index.php\/wp-json\/wp\/v2\/media?parent=950"}],"curies":[{"name":"wp","href":"https:\/\/api.w.org\/{rel}","templated":true}]}}